{"id":12396,"date":"2022-05-09T17:08:11","date_gmt":"2022-05-09T13:08:11","guid":{"rendered":"http:\/\/mdm.incilab.az\/?page_id=12396"},"modified":"2022-05-20T11:58:32","modified_gmt":"2022-05-20T07:58:32","slug":"biz-kimik","status":"publish","type":"page","link":"https:\/\/mdm.incilab.az\/?page_id=12396","title":{"rendered":"Biz kimik?"},"content":{"rendered":"<p>[vc_row][vc_column][vc_empty_space][vc_column_text]<\/p>\n<div class=\"kvgmc6g5 cxmmr5t8 oygrvhab hcukyx3x c1et5uql ii04i59q\">\n<div dir=\"auto\"><span style=\"color: #000000;\"><strong>\u0130nci M\u00fcalic\u0259-Diaqnostika M\u0259rk\u0259zi<\/strong> pe\u015f\u0259kar h\u0259kim kollektivin\u0259 malik, \u0259n son texnoloji avadanl\u0131qlarla t\u0259chiz olunmu\u015f m\u00fcasir tibb m\u00fc\u0259ssis\u0259sidir. M\u0259rk\u0259zimizd\u0259 ginekoloji, nevroloji, terapevtik, dermatoloji, radioloji v\u0259 laborator xidm\u0259tl\u0259r h\u0259yata ke\u00e7irilir. \u0130nci M\u00fcalic\u0259-Diaqnostika M\u0259rk\u0259zind\u0259 qabaqc\u0131l m\u00fcasir cihazlar v\u0259 etibarl\u0131 \u00fcsullar\u0131n k\u00f6m\u0259yi il\u0259 h\u0259r c\u00fcr laborator v\u0259 radioloji (USM) m\u00fcayin\u0259l\u0259r apar\u0131l\u0131r.<\/span><\/div>\n<div dir=\"auto\"><\/div>\n<\/div>\n<div class=\"cxmmr5t8 oygrvhab hcukyx3x c1et5uql o9v6fnle ii04i59q\">\n<div dir=\"auto\"><span style=\"color: #000000;\">Pasiyent m\u0259mnuniyy\u0259tini h\u0259r zaman \u00f6n planda saxlayan \u0130nci M\u00fcalic\u0259-Diaqnostika M\u0259rk\u0259zi d\u00fcnya standartlar\u0131na cavab ver\u0259n tibbi avadanl\u0131qlarla t\u0259chiz edilmi\u015f v\u0259 g\u00fcn\u00fc-g\u00fcnd\u0259n artan keyfiyy\u0259tli xidm\u0259t, g\u00fcl\u0259r\u00fcz personal, m\u00fct\u0259x\u0259ssis h\u0259kim hey\u0259ti il\u0259 daim xidm\u0259tinizd\u0259dir.<\/span><\/div>\n<\/div>\n<div class=\"cxmmr5t8 oygrvhab hcukyx3x c1et5uql o9v6fnle ii04i59q\">\n<div dir=\"auto\"><strong><span style=\"color: #000000;\">Sa\u011flaml\u0131\u011f\u0131n\u0131z\u0131 etibarl\u0131 \u0259ll\u0259r\u0259 \u0259man\u0259t edin! Unutmay\u0131n ki, xo\u015fb\u0259xtlik ilk \u00f6nc\u0259 sa\u011flaml\u0131qdan ba\u015flay\u0131r.<\/span><\/strong><\/div>\n<\/div>\n<p>[\/vc_column_text][vc_empty_space][\/vc_column][\/vc_row]<\/p>\n","protected":false},"excerpt":{"rendered":"<p>[vc_row][vc_column][vc_empty_space][vc_column_text] \u0130nci M\u00fcalic\u0259-Diaqnostika M\u0259rk\u0259zi pe\u015f\u0259kar h\u0259kim kollektivin\u0259 malik, \u0259n son texnoloji avadanl\u0131qlarla t\u0259chiz olunmu\u015f m\u00fcasir tibb m\u00fc\u0259ssis\u0259sidir. M\u0259rk\u0259zimizd\u0259 ginekoloji, nevroloji, terapevtik, dermatoloji, radioloji v\u0259 laborator xidm\u0259tl\u0259r h\u0259yata ke\u00e7irilir. \u0130nci M\u00fcalic\u0259-Diaqnostika M\u0259rk\u0259zind\u0259 qabaqc\u0131l m\u00fcasir cihazlar v\u0259 etibarl\u0131 \u00fcsullar\u0131n k\u00f6m\u0259yi il\u0259 h\u0259r c\u00fcr laborator v\u0259 radioloji (USM) m\u00fcayin\u0259l\u0259r apar\u0131l\u0131r. Pasiyent m\u0259mnuniyy\u0259tini h\u0259r zaman \u00f6n planda saxlayan \u0130nci [&hellip;]<\/p>\n","protected":false},"author":1,"featured_media":0,"parent":0,"menu_order":0,"comment_status":"closed","ping_status":"closed","template":"","meta":{"_acf_changed":false,"footnotes":""},"class_list":["post-12396","page","type-page","status-publish","hentry"],"acf":[],"_links":{"self":[{"href":"https:\/\/mdm.incilab.az\/index.php?rest_route=\/wp\/v2\/pages\/12396","targetHints":{"allow":["GET"]}}],"collection":[{"href":"https:\/\/mdm.incilab.az\/index.php?rest_route=\/wp\/v2\/pages"}],"about":[{"href":"https:\/\/mdm.incilab.az\/index.php?rest_route=\/wp\/v2\/types\/page"}],"author":[{"embeddable":true,"href":"https:\/\/mdm.incilab.az\/index.php?rest_route=\/wp\/v2\/users\/1"}],"replies":[{"embeddable":true,"href":"https:\/\/mdm.incilab.az\/index.php?rest_route=%2Fwp%2Fv2%2Fcomments&post=12396"}],"version-history":[{"count":8,"href":"https:\/\/mdm.incilab.az\/index.php?rest_route=\/wp\/v2\/pages\/12396\/revisions"}],"predecessor-version":[{"id":12629,"href":"https:\/\/mdm.incilab.az\/index.php?rest_route=\/wp\/v2\/pages\/12396\/revisions\/12629"}],"wp:attachment":[{"href":"https:\/\/mdm.incilab.az\/index.php?rest_route=%2Fwp%2Fv2%2Fmedia&parent=12396"}],"curies":[{"name":"wp","href":"https:\/\/api.w.org\/{rel}","templated":true}]}}