{"id":8585,"date":"2018-11-30T10:41:35","date_gmt":"2018-11-30T10:41:35","guid":{"rendered":"http:\/\/localhost\/projects\/solar\/?page_id=8585"},"modified":"2022-05-17T12:21:48","modified_gmt":"2022-05-17T08:21:48","slug":"blog-grid-view","status":"publish","type":"page","link":"https:\/\/mdm.incilab.az\/?page_id=8585","title":{"rendered":"M\u0259lumatlar"},"content":{"rendered":"<p>[vc_row thsn-bg-color=&#8221;white&#8221;][vc_column]<div  class=\"themesion-element themesion-element-blog thsn-element-blog-style-1 themesion-element-viewtype-row-column thsn-sortable-no\" data-show=\"12\" data-columns=\"3\" data-loop=\"false\" data-autoplay=\"false\" data-center=\"false\" data-nav=\"false\" data-dots=\"false\" data-autoplayspeed=\"1000\" data-margin=\"\"><div class=\"themesion-element-inner\"><div class=\"thsn-ele-header-area\"><\/div><div class=\"thsn-element-posts-wrapper row multi-columns-row\"><div class=\"thsn-ele thsn-blog-ele col-md-4 m%c9%99lumatlar\"><article class=\"themesion-ele themesion-ele-blog thsn-blogbox-style-1 post-12541 post type-post status-publish format-standard has-post-thumbnail hentry category-mlumatlar\">\r\n\t<div class=\"post-item\">\r\n\t\t<div class=\"thsn-featured-container\">\r\n\t\t\t<div class=\"thsn-featured-wrapper\"><a href=\"https:\/\/mdm.incilab.az\/?p=12541\"><img loading=\"lazy\" decoding=\"async\" width=\"770\" height=\"500\" src=\"https:\/\/mdm.incilab.az\/wp-content\/uploads\/2022\/05\/IMG_5664-770x500.jpg\" class=\"attachment-thsn-img-770x500 size-thsn-img-770x500 wp-post-image\" alt=\"\" data-id=\"12619\" \/><\/a><\/div>\t\t\t<div class=\"thsn-meta-category\"><a href=\"https:\/\/mdm.incilab.az\/?cat=1\" rel=\"category\">M\u0259lumatlar<\/a><\/div>\r\n\t\t<\/div>\r\n\t\t<div class=\"themesion-box-content\">\r\n\t\t\t<div class=\"thsn-meta-container\">\r\n\t\t\t\t<div class=\"thsn-meta-date-wrapper thsn-meta-line\">\r\n\t\t\t\t\t<div class=\"thsn-meta-date\"><i class=\"thsn-base-icon-calendar-1\"><\/i> 17 May, 2022<\/div>\r\n\t\t\t\t<\/div>\r\n\t\t\t\t\t\t\t\t\t\t\t<\/div>\r\n\t\t\t<h3 class=\"thsn-post-title\"><a href=\"https:\/\/mdm.incilab.az\/?p=12541\">\u0130NC\u0130 LABORATOR\u0130YALARI \u0130L\u018f \u00d6YR\u018fNM\u018fY\u018f DAVAM ED\u0130R\u0130K<\/a><\/h3>\r\n\t\t\t\t<div class=\"themesion-box-desc\">\r\n\t\t\t\t<div class=\"themesion-box-desc-text\">\r\n\t\t\t\t\t<p>N\u00f6vb\u0259ti \u201c\u0130NC\u0130 LABORATOR\u0130YALARI \u0130L\u018f \u00d6YR\u018fNM\u018fY\u018f DAVAM ED\u0130R\u0130K\u201d adl\u0131 elmi-praktik seminar 14 may 2022 \u2013 ci il tarixind\u0259 Tovuz \u015f\u0259h\u0259rind\u0259 ke\u00e7irilmi\u015fdir.<\/p>\n\t\t\t\t\t<a class=\"vc_general vc_btn3 vc_btn3-size-md vc_btn3-shape-round vc_btn3-style-flat vc_btn3-color-secondarycolor\" href=\"https:\/\/mdm.incilab.az\/?p=12541\">Read More<\/a> \r\n\t\t\t\t<\/div>\r\n\t\t\t<\/div>\r\n\t\t<\/div>\r\n\t<\/div>\r\n<\/article>\r\n<\/div><div class=\"thsn-ele thsn-blog-ele col-md-4 m%c9%99lumatlar\"><article class=\"themesion-ele themesion-ele-blog thsn-blogbox-style-1 post-12362 post type-post status-publish format-standard has-post-thumbnail hentry category-mlumatlar\">\r\n\t<div class=\"post-item\">\r\n\t\t<div class=\"thsn-featured-container\">\r\n\t\t\t<div class=\"thsn-featured-wrapper\"><a href=\"https:\/\/mdm.incilab.az\/?p=12362\"><img loading=\"lazy\" decoding=\"async\" width=\"680\" height=\"420\" src=\"https:\/\/mdm.incilab.az\/wp-content\/uploads\/2022\/04\/image-76830-3.jpg\" class=\"attachment-thsn-img-770x500 size-thsn-img-770x500 wp-post-image\" alt=\"\" srcset=\"https:\/\/mdm.incilab.az\/wp-content\/uploads\/2022\/04\/image-76830-3.jpg 680w, https:\/\/mdm.incilab.az\/wp-content\/uploads\/2022\/04\/image-76830-3-300x185.jpg 300w\" sizes=\"auto, (max-width: 680px) 100vw, 680px\" data-id=\"12363\" \/><\/a><\/div>\t\t\t<div class=\"thsn-meta-category\"><a href=\"https:\/\/mdm.incilab.az\/?cat=1\" rel=\"category\">M\u0259lumatlar<\/a><\/div>\r\n\t\t<\/div>\r\n\t\t<div class=\"themesion-box-content\">\r\n\t\t\t<div class=\"thsn-meta-container\">\r\n\t\t\t\t<div class=\"thsn-meta-date-wrapper thsn-meta-line\">\r\n\t\t\t\t\t<div class=\"thsn-meta-date\"><i class=\"thsn-base-icon-calendar-1\"><\/i> 29 Apr, 2022<\/div>\r\n\t\t\t\t<\/div>\r\n\t\t\t\t\t\t\t\t\t\t\t<\/div>\r\n\t\t\t<h3 class=\"thsn-post-title\"><a href=\"https:\/\/mdm.incilab.az\/?p=12362\">Koronavirus n\u0259dir?<\/a><\/h3>\r\n\t\t\t\t<div class=\"themesion-box-desc\">\r\n\t\t\t\t<div class=\"themesion-box-desc-text\">\r\n\t\t\t\t\tKoronavirus (lat\u0131nca \u2013 Coronaviridae) genomu m\u0259m\u0259lil\u0259rd\u0259 v\u0259 qu\u015flarda x\u0259st\u0259liy\u0259 s\u0259b\u0259b olan RNT-d\u0259n ibar\u0259t viruslar ail\u0259si olub, 40 n\u00f6v\u0259 malikdir. Bu virus insanlara da m\u0259hz heyvanlardan ke\u00e7ir v\u0259 haz\u0131rda insanlara yoluxmayan,&hellip;\t\t\t\t\t<a class=\"vc_general vc_btn3 vc_btn3-size-md vc_btn3-shape-round vc_btn3-style-flat vc_btn3-color-secondarycolor\" href=\"https:\/\/mdm.incilab.az\/?p=12362\">Read More<\/a> \r\n\t\t\t\t<\/div>\r\n\t\t\t<\/div>\r\n\t\t<\/div>\r\n\t<\/div>\r\n<\/article>\r\n<\/div><div class=\"thsn-ele thsn-blog-ele col-md-4 m%c9%99lumatlar\"><article class=\"themesion-ele themesion-ele-blog thsn-blogbox-style-1 post-12359 post type-post status-publish format-standard has-post-thumbnail hentry category-mlumatlar\">\r\n\t<div class=\"post-item\">\r\n\t\t<div class=\"thsn-featured-container\">\r\n\t\t\t<div class=\"thsn-featured-wrapper\"><a href=\"https:\/\/mdm.incilab.az\/?p=12359\"><img loading=\"lazy\" decoding=\"async\" width=\"770\" height=\"494\" src=\"https:\/\/mdm.incilab.az\/wp-content\/uploads\/2022\/04\/covid19_16_9_1612813175-770x494.jpg\" class=\"attachment-thsn-img-770x500 size-thsn-img-770x500 wp-post-image\" alt=\"\" data-id=\"12372\" \/><\/a><\/div>\t\t\t<div class=\"thsn-meta-category\"><a href=\"https:\/\/mdm.incilab.az\/?cat=1\" rel=\"category\">M\u0259lumatlar<\/a><\/div>\r\n\t\t<\/div>\r\n\t\t<div class=\"themesion-box-content\">\r\n\t\t\t<div class=\"thsn-meta-container\">\r\n\t\t\t\t<div class=\"thsn-meta-date-wrapper thsn-meta-line\">\r\n\t\t\t\t\t<div class=\"thsn-meta-date\"><i class=\"thsn-base-icon-calendar-1\"><\/i> 29 Apr, 2022<\/div>\r\n\t\t\t\t<\/div>\r\n\t\t\t\t\t\t\t\t\t\t\t<\/div>\r\n\t\t\t<h3 class=\"thsn-post-title\"><a href=\"https:\/\/mdm.incilab.az\/?p=12359\">PCR (PZR) testi n\u0259dir?<\/a><\/h3>\r\n\t\t\t\t<div class=\"themesion-box-desc\">\r\n\t\t\t\t<div class=\"themesion-box-desc-text\">\r\n\t\t\t\t\tCOVID-19 x\u0259st\u0259liyi yay\u0131ld\u0131qdan sonra \u0259n \u00e7ox ad\u0131 \u00e7\u0259kil\u0259n testl\u0259rd\u0259n biri d\u0259 PZR (Polimeral\u0131 Z\u0259ncirvari Reaksiya) oldu. PZR (PCR) viruslar\u0131n molekulyar diaqnostikas\u0131nda da istifad\u0259 edil\u0259n mikrobioloji m\u00fcayin\u0259 metodlar\u0131ndan biridir. Bu \u00fcsulla&hellip;\t\t\t\t\t<a class=\"vc_general vc_btn3 vc_btn3-size-md vc_btn3-shape-round vc_btn3-style-flat vc_btn3-color-secondarycolor\" href=\"https:\/\/mdm.incilab.az\/?p=12359\">Read More<\/a> \r\n\t\t\t\t<\/div>\r\n\t\t\t<\/div>\r\n\t\t<\/div>\r\n\t<\/div>\r\n<\/article>\r\n<\/div><div class=\"thsn-ele thsn-blog-ele col-md-4 m%c9%99lumatlar\"><article class=\"themesion-ele themesion-ele-blog thsn-blogbox-style-1 post-12356 post type-post status-publish format-standard has-post-thumbnail hentry category-mlumatlar\">\r\n\t<div class=\"post-item\">\r\n\t\t<div class=\"thsn-featured-container\">\r\n\t\t\t<div class=\"thsn-featured-wrapper\"><a href=\"https:\/\/mdm.incilab.az\/?p=12356\"><img loading=\"lazy\" decoding=\"async\" width=\"700\" height=\"400\" src=\"https:\/\/mdm.incilab.az\/wp-content\/uploads\/2022\/04\/10.jpg\" class=\"attachment-thsn-img-770x500 size-thsn-img-770x500 wp-post-image\" alt=\"\" srcset=\"https:\/\/mdm.incilab.az\/wp-content\/uploads\/2022\/04\/10.jpg 700w, https:\/\/mdm.incilab.az\/wp-content\/uploads\/2022\/04\/10-300x171.jpg 300w\" sizes=\"auto, (max-width: 700px) 100vw, 700px\" data-id=\"12357\" \/><\/a><\/div>\t\t\t<div class=\"thsn-meta-category\"><a href=\"https:\/\/mdm.incilab.az\/?cat=1\" rel=\"category\">M\u0259lumatlar<\/a><\/div>\r\n\t\t<\/div>\r\n\t\t<div class=\"themesion-box-content\">\r\n\t\t\t<div class=\"thsn-meta-container\">\r\n\t\t\t\t<div class=\"thsn-meta-date-wrapper thsn-meta-line\">\r\n\t\t\t\t\t<div class=\"thsn-meta-date\"><i class=\"thsn-base-icon-calendar-1\"><\/i> 29 Apr, 2022<\/div>\r\n\t\t\t\t<\/div>\r\n\t\t\t\t\t\t\t\t\t\t\t<\/div>\r\n\t\t\t<h3 class=\"thsn-post-title\"><a href=\"https:\/\/mdm.incilab.az\/?p=12356\">BNP (Brain Natriumuretik Peptid)<\/a><\/h3>\r\n\t\t\t\t<div class=\"themesion-box-desc\">\r\n\t\t\t\t<div class=\"themesion-box-desc-text\">\r\n\t\t\t\t\t\u00dcr\u0259k normada bir protein prekursoru olan pro-BNP-ni a\u015fa\u011f\u0131 s\u0259viyy\u0259d\u0259 sintez edir. Bu pro-BNP iki yer\u0259 par\u00e7alanaraq Aktiv BNP hormonu v\u0259 Aktiv olmayan NT-pro-BNP-ni s\u0259rb\u0259st v\u0259ziyy\u0259t\u0259 g\u0259tirir. BNP-nin sintez olunma m\u0259qs\u0259di&hellip;\t\t\t\t\t<a class=\"vc_general vc_btn3 vc_btn3-size-md vc_btn3-shape-round vc_btn3-style-flat vc_btn3-color-secondarycolor\" href=\"https:\/\/mdm.incilab.az\/?p=12356\">Read More<\/a> \r\n\t\t\t\t<\/div>\r\n\t\t\t<\/div>\r\n\t\t<\/div>\r\n\t<\/div>\r\n<\/article>\r\n<\/div><\/div><\/div><!-- .themesion-element-inner -->   <\/div><!-- .themesion-element -->  [\/vc_column][\/vc_row]<\/p>\n","protected":false},"excerpt":{"rendered":"<p>[vc_row thsn-bg-color=&#8221;white&#8221;][vc_column][\/vc_column][\/vc_row]<\/p>\n","protected":false},"author":1,"featured_media":0,"parent":0,"menu_order":17,"comment_status":"closed","ping_status":"closed","template":"","meta":{"_acf_changed":false,"footnotes":""},"class_list":["post-8585","page","type-page","status-publish","hentry"],"acf":[],"_links":{"self":[{"href":"https:\/\/mdm.incilab.az\/index.php?rest_route=\/wp\/v2\/pages\/8585","targetHints":{"allow":["GET"]}}],"collection":[{"href":"https:\/\/mdm.incilab.az\/index.php?rest_route=\/wp\/v2\/pages"}],"about":[{"href":"https:\/\/mdm.incilab.az\/index.php?rest_route=\/wp\/v2\/types\/page"}],"author":[{"embeddable":true,"href":"https:\/\/mdm.incilab.az\/index.php?rest_route=\/wp\/v2\/users\/1"}],"replies":[{"embeddable":true,"href":"https:\/\/mdm.incilab.az\/index.php?rest_route=%2Fwp%2Fv2%2Fcomments&post=8585"}],"version-history":[{"count":1,"href":"https:\/\/mdm.incilab.az\/index.php?rest_route=\/wp\/v2\/pages\/8585\/revisions"}],"predecessor-version":[{"id":12446,"href":"https:\/\/mdm.incilab.az\/index.php?rest_route=\/wp\/v2\/pages\/8585\/revisions\/12446"}],"wp:attachment":[{"href":"https:\/\/mdm.incilab.az\/index.php?rest_route=%2Fwp%2Fv2%2Fmedia&parent=8585"}],"curies":[{"name":"wp","href":"https:\/\/api.w.org\/{rel}","templated":true}]}}